{"id":321,"date":"2023-08-23T22:50:37","date_gmt":"2023-08-23T20:50:37","guid":{"rendered":"https:\/\/brusselscityairport.be\/privacybeleid-2\/"},"modified":"2023-08-23T22:53:35","modified_gmt":"2023-08-23T20:53:35","slug":"privacybeleid-2","status":"publish","type":"page","link":"https:\/\/brusselscityairport.be\/nl\/privacybeleid-2\/","title":{"rendered":"Privacybeleid"},"content":{"rendered":"<p>\n&#13;\n<p>INFORMATIONS<\/p>&#13;\n<p>La pr\u00e9sente politique de confidentialit\u00e9 est fond\u00e9e sur l&#8217;article 13 du r\u00e8glement g\u00e9n\u00e9ral sur la protection des donn\u00e9es et d\u00e9finit les droits et obligations de l&#8217;organisation \u00e0 l&#8217;\u00e9gard des personnes externes dont elle traite les donn\u00e9es \u00e0 caract\u00e8re personnel, principalement dans le cadre de la vente et du marketing en ligne de biens et de services.<\/p>&#13;\n<p>MOD\u00c8LE<\/p>&#13;\n<p>La pr\u00e9sente &#8220;politique de confidentialit\u00e9&#8221; r\u00e9git le traitement de vos donn\u00e9es \u00e0 caract\u00e8re personnel par le responsable du traitement : [Brussels City Airport, brucityairport@gmail.com] (ci-apr\u00e8s &#8220;ORGANISATION&#8221;). Veuillez lire attentivement cette politique de confidentialit\u00e9 car elle contient des informations essentielles sur la mani\u00e8re dont vos donn\u00e9es \u00e0 caract\u00e8re personnel sont trait\u00e9es et sur les cookies utilis\u00e9s. En fournissant vos donn\u00e9es personnelles sur le site web www.brusselscityairport.be, vous d\u00e9clarez avoir lu et accept\u00e9 express\u00e9ment la pr\u00e9sente politique de confidentialit\u00e9 ainsi que le traitement lui-m\u00eame.<\/p>&#13;\n<p><strong>Article 1 &#8211; G\u00e9n\u00e9ralit\u00e9s<\/strong><\/p>&#13;\n<p>1.1. L&#8217;ORGANISATION respecte la &#8220;loi du 8 d\u00e9cembre 1992 relative \u00e0 la protection de la vie priv\u00e9e \u00e0 l&#8217;\u00e9gard des traitements de donn\u00e9es \u00e0 caract\u00e8re personnel&#8221;, telle que modifi\u00e9e par la loi du 11 d\u00e9cembre 1998 ainsi que les dispositions anti-spam du livre XII du Code de droit \u00e9conomique relatif au &#8220;droit de l&#8217;\u00e9conomie \u00e9lectronique&#8221;.<\/p>&#13;\n<p>1.2. ORGANISATION, par le biais de la pr\u00e9sente Politique de confidentialit\u00e9, se conforme \u00e9galement au R\u00e8glement europ\u00e9en 2016\/679 du 27 avril 2016 relatif \u00e0 la protection des donn\u00e9es \u00e0 caract\u00e8re personnel.<\/p>&#13;\n<p>1.3. Le responsable du traitement de vos donn\u00e9es \u00e0 caract\u00e8re personnel est l&#8217;ORGANISATION. Une d\u00e9claration a \u00e9t\u00e9 faite \u00e0 la Commission de la protection de la vie priv\u00e9e concernant le traitement de vos donn\u00e9es \u00e0 caract\u00e8re personnel.<\/p>&#13;\n<p><strong>Article 2 &#8211; Donn\u00e9es \u00e0 caract\u00e8re personnel<\/strong><\/p>&#13;\n<p>\u00a02.1. Donn\u00e9es personnelles que vous nous communiquez :<\/p>&#13;\n<p>Cat\u00e9gorie 1, sans enregistrement : votre adresse IP ; <br\/>Cat\u00e9gorie 2 : pendant l&#8217;enregistrement : lors de la prise de contact ou de la participation \u00e0 un concours, \u00e0 une lettre d&#8217;information, \u00e0 une p\u00e9tition ou \u00e0 un sondage : l&#8217;adresse \u00e9lectronique <br\/>Cat\u00e9gorie 3 : par le biais de cookies ; <br\/>2.2. L&#8217;ORGANISATION peut collecter des donn\u00e9es vous concernant (donn\u00e9es \u00e0 caract\u00e8re personnel) de diff\u00e9rentes mani\u00e8res : par l&#8217;utilisation de cookies (voir ci-dessous) ; lors de votre inscription et de votre utilisation du site web ;<\/p>&#13;\n<p>2.3. Le site Web utilise \u00e9galement des cookies qui collectent certaines donn\u00e9es \u00e0 caract\u00e8re personnel. Pour les dispositions relatives \u00e0 l&#8217;utilisation des cookies, voir l&#8217;article 9.<\/p>&#13;\n<p><strong>Article 3 &#8211; Finalit\u00e9s du traitement<\/strong><\/p>&#13;\n<p>3.1. Objectifs g\u00e9n\u00e9raux :<\/p>&#13;\n<p>L&#8217;ORGANISATION n&#8217;utilisera les donn\u00e9es \u00e0 caract\u00e8re personnel recueillies aupr\u00e8s de vous qu&#8217;aux fins suivantes :<\/p>&#13;\n<p>Cat\u00e9gorie 1 : maintenance et am\u00e9lioration de ce site web et inclusion des donn\u00e9es personnelles dans des statistiques anonymes, \u00e0 partir desquelles l&#8217;identit\u00e9 d&#8217;individus ou d&#8217;entreprises sp\u00e9cifiques ne peut \u00eatre retrouv\u00e9e, la base juridique \u00e9tant les int\u00e9r\u00eats l\u00e9gitimes de l&#8217;ORGANISATION \u00e0 am\u00e9liorer continuellement son site web et ses services ; <br\/>Cat\u00e9gorie 2 : envoi de marketing direct, de bulletins d&#8217;information, de promotions et d&#8217;actions, la base juridique \u00e9tant votre consentement explicite et pr\u00e9alable ; <br\/>Cat\u00e9gorie 3 : cookies, la base juridique \u00e9tant votre consentement explicite et pr\u00e9alable <br\/>;<\/p>&#13;\n<p>3.2. Marketing direct :<\/p>&#13;\n<p>Les donn\u00e9es personnelles seront \u00e9galement utilis\u00e9es \u00e0 des fins de marketing direct, \u00e0 condition que vous ayez donn\u00e9 votre consentement explicite suppl\u00e9mentaire (&#8220;opt-in&#8221;).<\/p>&#13;\n<p>Si vous \u00eates d\u00e9j\u00e0 inscrit sur notre liste de diffusion pour recevoir des documents commerciaux sur papier et\/ou sous forme \u00e9lectronique, l&#8217;ORGANISATION peut utiliser vos donn\u00e9es pour envoyer des documents commerciaux et autres relatifs \u00e0 l&#8217;ORGANISATION, \u00e0 ses produits et\/ou \u00e0 ses services. L&#8217;ORGANISATION peut utiliser les donn\u00e9es que vous fournissez pour mettre \u00e0 jour les documents qu&#8217;elle d\u00e9tient.<\/p>&#13;\n<p>Ce consentement peut \u00eatre retir\u00e9 \u00e0 tout moment, sans justification et gratuitement en cliquant, par exemple, sur le lien de d\u00e9sinscription pr\u00e9vu \u00e0 cet effet au bas de chaque message \u00e9lectronique promotionnel.<\/p>&#13;\n<p>3.3. Transfert \u00e0 des tiers :<\/p>&#13;\n<p>En cas de r\u00e9organisation totale ou partielle ou de transfert d&#8217;activit\u00e9s de l&#8217;ORGANISATION, par laquelle elle r\u00e9organise, transf\u00e8re ou cesse ses activit\u00e9s, cela peut impliquer le transfert de vos donn\u00e9es \u00e0 de nouvelles entit\u00e9s ou \u00e0 des tiers par l&#8217;interm\u00e9diaire desquels tout ou partie des activit\u00e9s de l&#8217;ORGANISATION sont r\u00e9alis\u00e9es.<\/p>&#13;\n<p>L&#8217;ORGANISATION fera des efforts raisonnables pour vous notifier pr\u00e9alablement \u00e0 la divulgation par l&#8217;ORGANISATION de vos donn\u00e9es \u00e0 ladite tierce partie, mais vous reconnaissez \u00e9galement que cela n&#8217;est pas techniquement ou commercialement faisable dans toutes les circonstances.<\/p>&#13;\n<p>L&#8217;ORGANISATION ne vendra pas, ne louera pas, ne distribuera pas et ne mettra pas vos donn\u00e9es \u00e0 caract\u00e8re personnel \u00e0 la disposition de tiers, sauf dans les cas d\u00e9crits ci-dessus ou avec votre consentement pr\u00e9alable.<\/p>&#13;\n<p>3.4. Exigences l\u00e9gales :<\/p>&#13;\n<p>En de rares occasions, l&#8217;ORGANISATION peut \u00eatre tenue de divulguer vos donn\u00e9es \u00e0 caract\u00e8re personnel en vertu d&#8217;une d\u00e9cision de justice ou pour se conformer \u00e0 d&#8217;autres lois ou r\u00e9glementations obligatoires. L&#8217;ORGANISATION s&#8217;efforcera raisonnablement de vous informer \u00e0 l&#8217;avance \u00e0 cet \u00e9gard, \u00e0 moins qu&#8217;elle ne soit soumise \u00e0 des restrictions l\u00e9gales.<\/p>&#13;\n<p><strong>Article 4 &#8211; Dur\u00e9e du traitement<\/strong><\/p>&#13;\n<p>Nous conserverons et traiterons les donn\u00e9es \u00e0 caract\u00e8re personnel pendant la p\u00e9riode n\u00e9cessaire en fonction des finalit\u00e9s du traitement et de la relation contractuelle entre l&#8217;ORGANISATION et vous.<\/p>&#13;\n<p><strong>Article 5 &#8211; Vos droits<\/strong><\/p>&#13;\n<p>5.1. Droit d&#8217;acc\u00e8s et d&#8217;inspection :<\/p>&#13;\n<p>Vous avez le droit d&#8217;acc\u00e9der \u00e0 tout moment et gratuitement \u00e0 vos donn\u00e9es personnelles ainsi qu&#8217;\u00e0 l&#8217;utilisation que nous en faisons.<\/p>&#13;\n<p>5.2. Droit de rectification, d&#8217;effacement et de limitation :<\/p>&#13;\n<p>Vous \u00eates libre de communiquer ou non vos donn\u00e9es personnelles \u00e0 l&#8217;ORGANISATION. En outre, vous avez toujours le droit de nous demander de corriger, de compl\u00e9ter ou de supprimer vos donn\u00e9es \u00e0 caract\u00e8re personnel. Vous reconnaissez qu&#8217;en cas de refus de communication ou de demande de suppression des donn\u00e9es personnelles, certains services et produits ne seront pas disponibles.<\/p>&#13;\n<p>Vous pouvez \u00e9galement demander \u00e0 restreindre le traitement de vos donn\u00e9es personnelles.<\/p>&#13;\n<p>5.3. Droit d&#8217;opposition :<\/p>&#13;\n<p>Vous avez \u00e9galement le droit de vous opposer au traitement de vos donn\u00e9es personnelles pour des raisons s\u00e9rieuses et l\u00e9gitimes.<\/p>&#13;\n<p>En outre, vous avez toujours le droit de vous opposer \u00e0 l&#8217;utilisation de donn\u00e9es \u00e0 caract\u00e8re personnel \u00e0 des fins de marketing direct ; dans ce cas, vous n&#8217;avez pas \u00e0 fournir de raisons.<\/p>&#13;\n<p>5.4. Droit au transfert gratuit de donn\u00e9es :<\/p>&#13;\n<p>Vous avez le droit d&#8217;obtenir et\/ou de transf\u00e9rer \u00e0 d&#8217;autres responsables du traitement vos donn\u00e9es personnelles que nous traitons dans un format structur\u00e9, commun et lisible par machine.<\/p>&#13;\n<p>5.5. Droit de retirer son consentement :<\/p>&#13;\n<p>Dans la mesure o\u00f9 le traitement est fond\u00e9 sur votre consentement pr\u00e9alable, vous avez le droit de retirer ce consentement.<\/p>&#13;\n<p>5.6. Exercer vos droits :<\/p>&#13;\n<p>Vous pouvez exercer vos droits en nous contactant \u00e0 cette fin par e-mail \u00e0 brucityairport@gmail.com en joignant une copie de votre carte d&#8217;identit\u00e9.<\/p>&#13;\n<p>5.7. D\u00e9cisions automatiques et profilage :<\/p>&#13;\n<p>Le traitement de vos donn\u00e9es personnelles n&#8217;inclut pas le profilage et vous ne serez pas soumis \u00e0 des d\u00e9cisions automatis\u00e9es de notre part.<\/p>&#13;\n<p>5.8. Droit de plainte :<\/p>&#13;\n<p>Vous avez le droit de d\u00e9poser une plainte aupr\u00e8s de la Commission belge de la protection de la vie priv\u00e9e : Commission de la protection de la vie priv\u00e9e, Rue du Printing Press 35, 1000 Bruxelles, Tel +32 (0)2 274 48 00, Fax +32 (0)2 274 48 35, e-mail :\u00a0 commission@privacycommission.be.<\/p>&#13;\n<p>Ceci est sans pr\u00e9judice d&#8217;un recours devant un tribunal civil.<\/p>&#13;\n<p>Si vous subissez un pr\u00e9judice du fait du traitement de vos donn\u00e9es \u00e0 caract\u00e8re personnel, vous pouvez introduire une demande d&#8217;indemnisation.<\/p>&#13;\n<p><strong>Article 6 &#8211; S\u00e9curit\u00e9 et confidentialit\u00e9<\/strong><\/p>&#13;\n<p>6.1. Nous avons d\u00e9velopp\u00e9 des mesures de s\u00e9curit\u00e9 adapt\u00e9es sur le plan technique et organisationnel pour \u00e9viter la destruction, la perte, la falsification, la modification, l&#8217;acc\u00e8s non autoris\u00e9 ou la notification involontaire \u00e0 des tiers des donn\u00e9es personnelles collect\u00e9es ainsi que tout autre traitement non autoris\u00e9 de ces donn\u00e9es.<\/p>&#13;\n<p>6.2. L&#8217;ORGANISATION ne peut en aucun cas \u00eatre tenue responsable de tout dommage direct ou indirect r\u00e9sultant d&#8217;une utilisation erron\u00e9e ou ill\u00e9gale par un tiers des donn\u00e9es \u00e0 caract\u00e8re personnel.<\/p>&#13;\n<p>6.3. Vous devez \u00e0 tout moment respecter les r\u00e8gles de s\u00e9curit\u00e9, notamment en emp\u00eachant tout acc\u00e8s non autoris\u00e9 \u00e0 Votre login et \u00e0 Votre code. Vous \u00eates donc seul responsable de l&#8217;utilisation faite \u00e0 partir du Site de Votre ordinateur, de Votre adresse IP et de Vos donn\u00e9es d&#8217;identification, ainsi que de leur confidentialit\u00e9.<\/p>&#13;\n<p><strong>Article 7 &#8211; Acc\u00e8s des tiers<\/strong><\/p>&#13;\n<p>7.1. Afin de traiter vos donn\u00e9es \u00e0 caract\u00e8re personnel, nous accordons \u00e0 nos membres l&#8217;acc\u00e8s \u00e0 vos donn\u00e9es \u00e0 caract\u00e8re personnel dans la mesure o\u00f9 cela est n\u00e9cessaire pour l&#8217;une des finalit\u00e9s de traitement d\u00e9finies.<\/p>&#13;\n<p>7.2. Nous garantissons un niveau de protection similaire en rendant opposables \u00e0 ces membres et personnes nomm\u00e9es des obligations contractuelles similaires \u00e0 la pr\u00e9sente politique de confidentialit\u00e9.<\/p>&#13;\n<p><strong>Article 8 &#8211; D\u00e9claration Commission de la protection de la vie priv\u00e9e <\/strong><br\/>Pour ce traitement de donn\u00e9es \u00e0 caract\u00e8re personnel, une d\u00e9claration sera faite aupr\u00e8s de la Commission de la protection de la vie priv\u00e9e. Vous pouvez toujours contacter cette Commission aux adresses suivantes :<\/p>&#13;\n<p>Commission de la protection de la vie priv\u00e9e <br\/>Rue du Printing Press 35 <br\/>1000 Bruxelles <br\/>+32 (0)2 274 48 00 <br\/>+32 (0)2 274 48 35<br\/><a href=\"mailto:commission@privacycommission.be\">commission@privacycommission.be<\/a><\/p>&#13;\n<p><strong>Article 9 &#8211; Cookies<\/strong><\/p>&#13;\n<p>9.1. Qu&#8217;est-ce qu&#8217;un cookie ?<\/p>&#13;\n<p>Un &#8220;cookie&#8221; est un petit fichier envoy\u00e9 par le serveur de l&#8217;ORGANISATION et plac\u00e9 sur le disque dur de Votre ordinateur. Les informations stock\u00e9es sur ces cookies ne peuvent \u00eatre lues que par Nous et uniquement pendant la dur\u00e9e de la visite sur le Site.<\/p>&#13;\n<p>9.2. Pourquoi utilisons-nous des cookies ?<\/p>&#13;\n<p>Notre site web utilise des cookies et des technologies similaires pour distinguer vos pr\u00e9f\u00e9rences d&#8217;utilisation de celles des autres utilisateurs de notre site web. Cela nous aide \u00e0 vous offrir une meilleure exp\u00e9rience utilisateur lorsque vous visitez notre site web et nous permet \u00e9galement d&#8217;optimiser notre site web.<\/p>&#13;\n<p>Suite \u00e0 de r\u00e9cents changements l\u00e9gislatifs, tous les sites Web ciblant certaines parties de l&#8217;Union europ\u00e9enne sont tenus de vous demander la permission d&#8217;utiliser ou de stocker des cookies et des technologies similaires sur vos ordinateurs ou appareils mobiles. La pr\u00e9sente politique en mati\u00e8re de cookies vous fournit des informations claires et compl\u00e8tes sur les cookies que nous utilisons et leur finalit\u00e9.<\/p>&#13;\n<p>9.3. Types de cookies :<\/p>&#13;\n<p>COOKIES FONCTIONNELS<\/p>&#13;\n<p>Ces cookies assurent g\u00e9n\u00e9ralement le bon fonctionnement du site web et sa facilit\u00e9 d&#8217;utilisation.\u00a0 Ils permettent \u00e0 certaines donn\u00e9es de ne pas \u00eatre t\u00e9l\u00e9charg\u00e9es \u00e0 plusieurs reprises \u00e0 partir de nos serveurs et \u00e0 certaines pr\u00e9f\u00e9rences ou champs de saisie d&#8217;\u00eatre m\u00e9moris\u00e9s.\u00a0 Ainsi, vous ne devez pas tout remplir \u00e0 nouveau.\u00a0\u00a0<\/p>&#13;\n<p>Ces cookies sont mis en place par notre propre site web et sont donc des cookies dits de premi\u00e8re ligne.\u00a0 Nous utilisons WordPress ainsi qu&#8217;un certain nombre de modules compl\u00e9mentaires (add-ons) qui placent parfois des fichiers.\u00a0 Les informations contenues dans ces cookies sont anonymes. Une grande partie de ces cookies est supprim\u00e9e apr\u00e8s votre visite.\u00a0 Les informations restent sur votre navigateur ou dans notre environnement serveur. Nous ne partageons pas ces informations avec des tiers.<\/p>&#13;\n<p>COOKIES ANALYTIQUES<\/p>&#13;\n<p>Ces cookies stockent des informations telles que le nombre de visiteurs sur le site web, le nombre de visiteurs uniques, les pages du site web qui ont \u00e9t\u00e9 visit\u00e9es, la source de la visite, etc. Ces donn\u00e9es nous aident \u00e0 comprendre et \u00e0 analyser les performances du site web et les points \u00e0 am\u00e9liorer.<\/p>&#13;\n<p>Ce site utilise Google Analytics, un service d&#8217;analyse de site internet fourni par Google Inc (&#8220;Google&#8221;). Google Analytics utilise des &#8220;cookies&#8221; pour aider le site internet \u00e0 analyser l&#8217;utilisation du site par ses utilisateurs. Les informations g\u00e9n\u00e9r\u00e9es par les cookies concernant votre utilisation du site (y compris votre adresse IP) seront transmises et stock\u00e9es par Google sur des serveurs situ\u00e9s aux Etats-Unis. Google utilise ces informations pour suivre votre utilisation du site, pour compiler des rapports sur l&#8217;activit\u00e9 du site \u00e0 destination de son \u00e9diteur et pour fournir d&#8217;autres services relatifs \u00e0 l&#8217;activit\u00e9 du site et \u00e0 l&#8217;utilisation d&#8217;Internet. Google est susceptible de communiquer ces informations \u00e0 des tiers en cas d&#8217;obligation l\u00e9gale ou dans la mesure o\u00f9 ces tiers traitent ces donn\u00e9es pour le compte de Google. Google ne recoupera pas votre adresse IP avec toute autre donn\u00e9e d\u00e9tenue par Google. Vous pouvez refuser l&#8217;utilisation de cookies en s\u00e9lectionnant les param\u00e8tres appropri\u00e9s de votre navigateur. Nous attirons toutefois votre attention sur le fait que, dans ce cas, vous ne pourrez peut-\u00eatre pas utiliser toutes les fonctionnalit\u00e9s de ce site Internet. En utilisant ce site Internet, vous consentez express\u00e9ment au traitement de vos donn\u00e9es par Google dans les conditions et pour les finalit\u00e9s d\u00e9crites ci-dessus.<\/p>&#13;\n<p>Outre Google Analytics, nous pouvons occasionnellement utiliser d&#8217;autres outils d&#8217;analyse qui nous indiquent, par exemple, o\u00f9 les internautes cliquent ou quelles parties de la page attirent particuli\u00e8rement l&#8217;attention.\u00a0 Ces cookies proviennent des cr\u00e9ateurs de ces outils et ne sont utilis\u00e9s que pour nous fournir ces informations et ces rapports.\u00a0\u00a0 Les informations sont anonymes, c&#8217;est-\u00e0-dire qu&#8217;elles ne sont pas li\u00e9es \u00e0 des utilisateurs individuels.<\/p>&#13;\n<p>Si nous ajoutons d&#8217;autres cookies de suivi \u00e0 l&#8217;avenir, nous mettrons \u00e0 jour notre politique.<\/p>&#13;\n<p>Veuillez noter que vous pouvez d\u00e9sactiver les cookies tiers (c&#8217;est-\u00e0-dire les cookies provenant d&#8217;autres domaines) s\u00e9par\u00e9ment dans tous les navigateurs web courants. Vous pouvez lire en d\u00e9tail sur les sites web des \u00e9diteurs quelles donn\u00e9es sont collect\u00e9es et quelles d\u00e9clarations ils publient \u00e0 ce sujet.<\/p>&#13;\n<p>L&#8217;ORGANISATION ne joue aucun r\u00f4le dans la collecte et le traitement de ces donn\u00e9es et ne stocke donc pas elle-m\u00eame ces informations.\u00a0 Nous n&#8217;utilisons que les fonctionnalit\u00e9s fournies par les r\u00e9seaux utilis\u00e9s pour canaliser l&#8217;information.<\/p>&#13;\n<p>COMMENT D\u00c9SACTIVER L&#8217;UTILISATION DES COOKIES ?<\/p>&#13;\n<p>Vous n&#8217;\u00eates pas oblig\u00e9 d&#8217;accepter les cookies. Vous pouvez d\u00e9sactiver leur utilisation dans votre navigateur web. Et continuer \u00e0 visiter notre site. Une grande partie du contenu peut encore \u00eatre consult\u00e9e sans cookies. Toutefois, il se peut que certains graphiques ne s&#8217;affichent pas correctement ou que le site web ne fonctionne pas correctement. Nous ne pouvons pas non plus m\u00e9moriser vos pr\u00e9f\u00e9rences.<\/p>&#13;\n<p>Lisez ci-dessous comment d\u00e9sactiver les cookies dans votre navigateur web :<\/p>&#13;\n<ul>&#13;\n<li><a href=\"https:\/\/support.mozilla.org\/nl\/kb\/cookies-verwijderen-gegevens-wissen-websites-opgeslagen\">Mozilla Firefox<\/a><\/li>&#13;\n<li><a href=\"https:\/\/support.microsoft.com\/nl-nl\/help\/17442\/windows-internet-explorer-delete-manage-cookies\">Internet Explorer<\/a><\/li>&#13;\n<li><a href=\"https:\/\/support.google.com\/chrome\/answer\/95647?hl=nl\">Google Chrome<\/a><\/li>&#13;\n<li><a href=\"https:\/\/support.apple.com\/nl-nl\/HT201265\">Safari (iOS)<\/a><\/li>&#13;\n<li><a href=\"https:\/\/support.apple.com\/kb\/PH21411?locale=nl_NL\">Safari (macOS)<\/a><\/li>&#13;\n<li><a href=\"https:\/\/support.microsoft.com\/nl-nl\/help\/10607\/windows-10-view-delete-browser-history-microsoft-edge\">Bord<\/a><\/li>&#13;\n<\/ul>&#13;\n<p>9.4. Votre consentement :<\/p>&#13;\n<p>Lors de votre premi\u00e8re visite sur notre site Web, il vous sera demand\u00e9 d&#8217;accepter nos cookies.<\/p>&#13;\n<p>Vous pouvez refuser ou bloquer les cookies en modifiant les param\u00e8tres de configuration de votre syst\u00e8me de navigation. La d\u00e9sactivation des cookies peut Vous emp\u00eacher d&#8217;utiliser certaines fonctionnalit\u00e9s du Site.<\/p>&#13;\n<p>Si vous avez d&#8217;autres questions ou commentaires concernant le traitement de vos donn\u00e9es personnelles, n&#8217;h\u00e9sitez pas \u00e0 nous contacter par courrier \u00e9lectronique \u00e0 l&#8217;adresse brucityairport@gmail.com.<\/p>&#13;\n<p><\/p><\/p>\n","protected":false},"excerpt":{"rendered":"<p>&#13; INFORMATIONS &#13; La pr\u00e9sente politique de confidentialit\u00e9 est fond\u00e9e sur l&#8217;article 13 du r\u00e8glement g\u00e9n\u00e9ral sur la protection des donn\u00e9es et d\u00e9finit les droits et obligations de l&#8217;organisation \u00e0 l&#8217;\u00e9gard des personnes externes dont elle traite les donn\u00e9es \u00e0 caract\u00e8re personnel, principalement dans le cadre de la vente et du marketing en ligne de &hellip;<\/p>\n<p class=\"read-more\"> <a class=\"\" href=\"https:\/\/brusselscityairport.be\/nl\/privacybeleid-2\/\"> <span class=\"screen-reader-text\">Privacybeleid<\/span> Lees meer &raquo;<\/a><\/p>\n","protected":false},"author":6,"featured_media":0,"parent":0,"menu_order":0,"comment_status":"closed","ping_status":"closed","template":"","meta":{"site-sidebar-layout":"default","site-content-layout":"","ast-site-content-layout":"","site-content-style":"default","site-sidebar-style":"default","ast-global-header-display":"","ast-banner-title-visibility":"","ast-main-header-display":"","ast-hfb-above-header-display":"","ast-hfb-below-header-display":"","ast-hfb-mobile-header-display":"","site-post-title":"","ast-breadcrumbs-content":"","ast-featured-img":"","footer-sml-layout":"","theme-transparent-header-meta":"","adv-header-id-meta":"","stick-header-meta":"","header-above-stick-meta":"","header-main-stick-meta":"","header-below-stick-meta":"","astra-migrate-meta-layouts":"default","ast-page-background-enabled":"default","ast-page-background-meta":{"desktop":{"background-color":"var(--ast-global-color-4)","background-image":"","background-repeat":"repeat","background-position":"center center","background-size":"auto","background-attachment":"scroll","background-type":"","background-media":"","overlay-type":"","overlay-color":"","overlay-gradient":""},"tablet":{"background-color":"","background-image":"","background-repeat":"repeat","background-position":"center center","background-size":"auto","background-attachment":"scroll","background-type":"","background-media":"","overlay-type":"","overlay-color":"","overlay-gradient":""},"mobile":{"background-color":"","background-image":"","background-repeat":"repeat","background-position":"center center","background-size":"auto","background-attachment":"scroll","background-type":"","background-media":"","overlay-type":"","overlay-color":"","overlay-gradient":""}},"ast-content-background-meta":{"desktop":{"background-color":"var(--ast-global-color-5)","background-image":"","background-repeat":"repeat","background-position":"center center","background-size":"auto","background-attachment":"scroll","background-type":"","background-media":"","overlay-type":"","overlay-color":"","overlay-gradient":""},"tablet":{"background-color":"var(--ast-global-color-5)","background-image":"","background-repeat":"repeat","background-position":"center center","background-size":"auto","background-attachment":"scroll","background-type":"","background-media":"","overlay-type":"","overlay-color":"","overlay-gradient":""},"mobile":{"background-color":"var(--ast-global-color-5)","background-image":"","background-repeat":"repeat","background-position":"center center","background-size":"auto","background-attachment":"scroll","background-type":"","background-media":"","overlay-type":"","overlay-color":"","overlay-gradient":""}},"footnotes":""},"_links":{"self":[{"href":"https:\/\/brusselscityairport.be\/nl\/wp-json\/wp\/v2\/pages\/321"}],"collection":[{"href":"https:\/\/brusselscityairport.be\/nl\/wp-json\/wp\/v2\/pages"}],"about":[{"href":"https:\/\/brusselscityairport.be\/nl\/wp-json\/wp\/v2\/types\/page"}],"author":[{"embeddable":true,"href":"https:\/\/brusselscityairport.be\/nl\/wp-json\/wp\/v2\/users\/6"}],"replies":[{"embeddable":true,"href":"https:\/\/brusselscityairport.be\/nl\/wp-json\/wp\/v2\/comments?post=321"}],"version-history":[{"count":2,"href":"https:\/\/brusselscityairport.be\/nl\/wp-json\/wp\/v2\/pages\/321\/revisions"}],"predecessor-version":[{"id":328,"href":"https:\/\/brusselscityairport.be\/nl\/wp-json\/wp\/v2\/pages\/321\/revisions\/328"}],"wp:attachment":[{"href":"https:\/\/brusselscityairport.be\/nl\/wp-json\/wp\/v2\/media?parent=321"}],"curies":[{"name":"wp","href":"https:\/\/api.w.org\/{rel}","templated":true}]}}